{"id":6220,"date":"2016-06-06T11:14:12","date_gmt":"2016-06-06T09:14:12","guid":{"rendered":"http:\/\/costapressclub.com\/es\/?page_id=6220"},"modified":"2026-02-12T09:40:10","modified_gmt":"2026-02-12T08:40:10","slug":"hazte-socio-costa-press-club","status":"publish","type":"page","link":"http:\/\/costapressclub.com\/es\/hazte-socio-costa-press-club\/","title":{"rendered":"Hazte Socio"},"content":{"rendered":"<div class=\"wpb-content-wrapper\">[vc_row css=\".vc_custom_1454498459442{padding-top: 50px !important;padding-bottom: 40px !important;}\"][vc_column width=\"1\/2\"][vc_single_image image=\"6224\" img_size=\"534x221\" add_caption=\"yes\"][\/vc_column][vc_column width=\"1\/2\"]<div class=\"separator_block left\" style=\"margin-bottom:30px;\"><h4>HAZTE SOCIO DE LA ASOCIACION CLUB DE PRENSA DE LA COSTA<\/h4><div class=\"separator short\"><div class=\"separator_line\"><\/div><\/div><div class=\"clearfix\"><\/div><\/div>[vc_column_text css=\".vc_custom_1465204676453{margin-bottom: 40px !important;}\"]Hacerte socio\/a de esta asociaci\u00f3n de prensa internacional muy valorada es una manera ideal para aumentar tus contactos dentro del sector, conocer a otra gente con los mismos intereses y ser reconocido por compa\u00f1eros por tu trabajo en los medios de comunicaci\u00f3n.[\/vc_column_text][\/vc_column][\/vc_row][vc_row][vc_column]<div class=\"toggle style1\"><div class=\"toggle-title active\"><div class=\"status-icon fright\"><i class=\"fa fa-plus\"><\/i><\/div><span><i class='icon fa fa-dot-circle-o'><\/i> \u00bfQu\u00e9 ventajas hay al hacerte socio o socia?<\/span><\/div><div class=\"toggle-inner\">Cada socio tiene el derecho a tener sus datos de contacto publicados en la p\u00e1gina web. Empresas que buscan informaci\u00f3n sobre periodistas, escritores y redactores internacionales del sur de Espa\u00f1a la usan a menudo como punto de contacto.<\/p>\n<p>Asistir a nuestras reuniones con cena, pagando una tarifa especial descontada de socios, con la posibilidad de invitar a otras personas como tus invitados. Muchos encuentros cuentan con la participaci\u00f3n de ponentes interesantes.<\/p>\n<p>Eventos especiales y ofertas exclusivas puntuales para los socios del club.<\/p>\n<p>Un carnet oficial de la Asociaci\u00f3n Club de Prensa de la Costa del Sol, identific\u00e1ndote como colaborador de los medios comunicativos.<\/p>\n<p>El uso opcional de un correo electr\u00f3nico personalizado (tu@costapressclub.com)<\/p>\n<p>El uso del logotipo \u201cMember of Costa Press Club\u201d en tus tarjetas de visita, p\u00e1gina web etc.<\/div><\/div><div class=\"toggle style1\"><div class=\"toggle-title active\"><div class=\"status-icon fright\"><i class=\"fa fa-plus\"><\/i><\/div><span><i class='icon fa fa-dot-circle-o'><\/i> \u00bfQui\u00e9n puede hacerse socio o socia?<\/span><\/div><div class=\"toggle-inner\">Todas las personas que trabajan en la redacci\u00f3n o la creaci\u00f3n de contenido dentro del sector de los medios de comunicaci\u00f3n (escrito, radiof\u00f3nico, visual y\/o digital etc.) en la Costa del Sol y\/o la provincia de M\u00e1laga, que pertenecen tanto a la poblaci\u00f3n extranjera como a la poblaci\u00f3n local y tanto independiente\/aut\u00f3nomo como empleado de una empresa.<\/div><\/div><div class=\"toggle style1\"><div class=\"toggle-title active\"><div class=\"status-icon fright\"><i class=\"fa fa-plus\"><\/i><\/div><span><i class='icon fa fa-dot-circle-o'><\/i> \u00bfC\u00f3mo hacerte socio?<\/span><\/div><div class=\"toggle-inner\">Se ruega ponerte en contacto con el Presidente, <a href=\"mailto:neil@spanishapproach.com\">Neil Hesketh<\/a>, la Secretaria\u00a0<a href=\"mailto:info@joannastyles.com\">Joanna Styles<\/a>, o el Tesorero <a href=\"mailto:pleonard@costapressclub.com\">Peter Leonard<\/a>, o atender la pr\u00f3xima reuni\u00f3n de la asociaci\u00f3n (v\u00e9ase el sitio web para m\u00e1s detalles).<\/p>\n<p>Para solicitar la afiliaci\u00f3n, el solicitante debe ser nominado y secundado por dos socios actuales y <strong>facilitar un resumen de su vida laboral y su experiencia en el sector de prensa o de los medios de comunicaci\u00f3n<\/strong>.<\/p>\n<p><span style=\"font-weight: 400;\">La solicitud ser\u00e1 evaluada por la Junta Directiva y \u2013 de acuerdo con los estatutos \u2013 tiene que ser aprobada de forma un\u00e1nime.<\/span><\/p>\n<p>Puedes bajar la solicitud en formato Word <a href=\"http:\/\/costapressclub.com\/wp-content\/uploads\/2024\/01\/CPC-Application-form-Word.docx\">aqu\u00ed<\/a>\u00a0o como <a href=\"http:\/\/costapressclub.com\/wp-content\/uploads\/2024\/01\/CPC-Application-Form-Word.pages.pdf\" target=\"_blank\" rel=\"noopener noreferrer\">PDF aqu\u00ed<\/a><a href=\"http:\/\/costapressclub.com\/wp-content\/uploads\/2020\/01\/CPC-Application-form-pdf.pdf\" target=\"_blank\" rel=\"noopener noreferrer\">.<\/a><\/p>\n<p><span style=\"font-weight: 400;\">En algunos casos, se admitir\u00e1 a nuevos socios que hayan trabajado anteriormente en el sector.<\/span><\/p>\n<p><strong>Nota:<\/strong>\u00a0Como uno de los principios b\u00e1sicos del club es \" ofrecer de forma peri\u00f3dica\u00a0 un foro social \/ lugar de encuentro para los periodistas extranjeros residentes, periodistas extranjeros y espa\u00f1oles de paso y otros proveedores de contenido\u201d, \u00a0\u00a0animamos a todos los socios a asistir una reuni\u00f3n por lo menos una o dos veces al a\u00f1o.<\/p>\n<p><strong>CIF:<\/strong> G92514926<\/div><\/div><div class=\"toggle style1\"><div class=\"toggle-title active\"><div class=\"status-icon fright\"><i class=\"fa fa-plus\"><\/i><\/div><span><i class='icon fa fa-dot-circle-o'><\/i> \u00bfCu\u00e1nto cuesta ser socio?<\/span><\/div><div class=\"toggle-inner\"><span style=\"font-weight: 400;\">15\u20ac en concepto de cuota de inscripci\u00f3n \u00fanica y 50\u20ac cuota anual (es decir 75\u20ac total el primer a\u00f1o). Se pagan las cuotas anuales en enero. Si una persona desea hacerse socio y no en enero, se paga el porcentaje del a\u00f1o en curso. Por ejemplo, hacerse socio en julio, paga 25\u20ac cuota (50%) hasta enero.<\/p>\n<p>Los socios nuevos que tengan entre 18 y 26 a\u00f1os tienen un descuento del 50% sobre la cuota anual (25\u20ac en el 2026), con la misma cuota de inscripci\u00f3n (15\u20ac), pagando 40\u20ac en total el primer a\u00f1o.\u00a0<\/span><\/div><\/div>[vc_separator][\/vc_column][\/vc_row][vc_row css=\".vc_custom_1454498495429{padding-bottom: 50px !important;}\"][vc_column][\/vc_column][\/vc_row]\n<\/div>","protected":false},"excerpt":{"rendered":"<div class=\"wpb-content-wrapper\">[vc_row css=\u00bb.vc_custom_1454498459442{padding-top: 50px !important;padding-bottom: 40px !important;}\u00bb][vc_column width=\u00bb1\/2&#8243;][vc_single_image image=\u00bb6224&#8243; img_size=\u00bb534&#215;221&#8243; add_caption=\u00bbyes\u00bb][\/vc_column][vc_column width=\u00bb1\/2&#8243;][vc_column_text css=\u00bb.vc_custom_1465204676453{margin-bottom: 40px !important;}\u00bb]Hacerte socio\/a de esta asociaci\u00f3n de prensa internacional muy valorada es una manera ideal para aumentar tus contactos dentro del sector, conocer a otra gente con los mismos intereses y ser reconocido por compa\u00f1eros por tu trabajo en los medios de comunicaci\u00f3n.[\/vc_column_text][\/vc_column][\/vc_row][vc_row][vc_column][vc_separator][\/vc_column][\/vc_row][vc_row css=\u00bb.vc_custom_1454498495429{padding-bottom: 50px !important;}\u00bb][vc_column][\/vc_column][\/vc_row]\n<\/div>\n","protected":false},"author":1,"featured_media":0,"parent":0,"menu_order":0,"comment_status":"closed","ping_status":"open","template":"page-fullwidth.php","meta":{"footnotes":""},"class_list":["post-6220","page","type-page","status-publish","hentry"],"yoast_head":"<!-- This site is optimized with the Yoast SEO plugin v24.2 - https:\/\/yoast.com\/wordpress\/plugins\/seo\/ -->\n<title>Hazte Socio | Costa Press Club<\/title>\n<meta name=\"description\" content=\"Hazte socio de la asociacion club de prensa de la Costa del sol, Costa Press Club.\" \/>\n<meta name=\"robots\" content=\"index, follow, max-snippet:-1, max-image-preview:large, max-video-preview:-1\" \/>\n<link rel=\"canonical\" href=\"http:\/\/costapressclub.com\/join-costa-press-club\/\" \/>\n<meta property=\"og:locale\" content=\"es_ES\" \/>\n<meta property=\"og:type\" content=\"article\" \/>\n<meta property=\"og:title\" content=\"Hazte Socio | Costa Press Club\" \/>\n<meta property=\"og:description\" content=\"Hazte socio de la asociacion club de prensa de la Costa del sol, Costa Press Club.\" \/>\n<meta property=\"og:url\" content=\"http:\/\/costapressclub.com\/join-costa-press-club\/\" \/>\n<meta property=\"og:site_name\" content=\"Costa Press Club\" \/>\n<meta property=\"article:modified_time\" content=\"2026-02-12T08:40:10+00:00\" \/>\n<meta name=\"twitter:card\" content=\"summary_large_image\" \/>\n<meta name=\"twitter:label1\" content=\"Tiempo de lectura\" \/>\n\t<meta name=\"twitter:data1\" content=\"3 minutos\" \/>\n<script type=\"application\/ld+json\" class=\"yoast-schema-graph\">{\"@context\":\"https:\/\/schema.org\",\"@graph\":[{\"@type\":\"WebPage\",\"@id\":\"http:\/\/costapressclub.com\/join-costa-press-club\/\",\"url\":\"http:\/\/costapressclub.com\/join-costa-press-club\/\",\"name\":\"Hazte Socio | Costa Press Club\",\"isPartOf\":{\"@id\":\"http:\/\/costapressclub.com\/#website\"},\"datePublished\":\"2016-06-06T09:14:12+00:00\",\"dateModified\":\"2026-02-12T08:40:10+00:00\",\"description\":\"Hazte socio de la asociacion club de prensa de la Costa del sol, Costa Press Club.\",\"breadcrumb\":{\"@id\":\"http:\/\/costapressclub.com\/join-costa-press-club\/#breadcrumb\"},\"inLanguage\":\"es\",\"potentialAction\":[{\"@type\":\"ReadAction\",\"target\":[\"http:\/\/costapressclub.com\/join-costa-press-club\/\"]}]},{\"@type\":\"BreadcrumbList\",\"@id\":\"http:\/\/costapressclub.com\/join-costa-press-club\/#breadcrumb\",\"itemListElement\":[{\"@type\":\"ListItem\",\"position\":1,\"name\":\"Home\",\"item\":\"http:\/\/costapressclub.com\/es\/\"},{\"@type\":\"ListItem\",\"position\":2,\"name\":\"Hazte Socio\"}]},{\"@type\":\"WebSite\",\"@id\":\"http:\/\/costapressclub.com\/#website\",\"url\":\"http:\/\/costapressclub.com\/\",\"name\":\"Costa Press Club\",\"description\":\"Journalists and media professionals on the Costa del Sol\",\"potentialAction\":[{\"@type\":\"SearchAction\",\"target\":{\"@type\":\"EntryPoint\",\"urlTemplate\":\"http:\/\/costapressclub.com\/?s={search_term_string}\"},\"query-input\":{\"@type\":\"PropertyValueSpecification\",\"valueRequired\":true,\"valueName\":\"search_term_string\"}}],\"inLanguage\":\"es\"}]}<\/script>\n<!-- \/ Yoast SEO plugin. -->","yoast_head_json":{"title":"Hazte Socio | Costa Press Club","description":"Hazte socio de la asociacion club de prensa de la Costa del sol, Costa Press Club.","robots":{"index":"index","follow":"follow","max-snippet":"max-snippet:-1","max-image-preview":"max-image-preview:large","max-video-preview":"max-video-preview:-1"},"canonical":"http:\/\/costapressclub.com\/join-costa-press-club\/","og_locale":"es_ES","og_type":"article","og_title":"Hazte Socio | Costa Press Club","og_description":"Hazte socio de la asociacion club de prensa de la Costa del sol, Costa Press Club.","og_url":"http:\/\/costapressclub.com\/join-costa-press-club\/","og_site_name":"Costa Press Club","article_modified_time":"2026-02-12T08:40:10+00:00","twitter_card":"summary_large_image","twitter_misc":{"Tiempo de lectura":"3 minutos"},"schema":{"@context":"https:\/\/schema.org","@graph":[{"@type":"WebPage","@id":"http:\/\/costapressclub.com\/join-costa-press-club\/","url":"http:\/\/costapressclub.com\/join-costa-press-club\/","name":"Hazte Socio | Costa Press Club","isPartOf":{"@id":"http:\/\/costapressclub.com\/#website"},"datePublished":"2016-06-06T09:14:12+00:00","dateModified":"2026-02-12T08:40:10+00:00","description":"Hazte socio de la asociacion club de prensa de la Costa del sol, Costa Press Club.","breadcrumb":{"@id":"http:\/\/costapressclub.com\/join-costa-press-club\/#breadcrumb"},"inLanguage":"es","potentialAction":[{"@type":"ReadAction","target":["http:\/\/costapressclub.com\/join-costa-press-club\/"]}]},{"@type":"BreadcrumbList","@id":"http:\/\/costapressclub.com\/join-costa-press-club\/#breadcrumb","itemListElement":[{"@type":"ListItem","position":1,"name":"Home","item":"http:\/\/costapressclub.com\/es\/"},{"@type":"ListItem","position":2,"name":"Hazte Socio"}]},{"@type":"WebSite","@id":"http:\/\/costapressclub.com\/#website","url":"http:\/\/costapressclub.com\/","name":"Costa Press Club","description":"Journalists and media professionals on the Costa del Sol","potentialAction":[{"@type":"SearchAction","target":{"@type":"EntryPoint","urlTemplate":"http:\/\/costapressclub.com\/?s={search_term_string}"},"query-input":{"@type":"PropertyValueSpecification","valueRequired":true,"valueName":"search_term_string"}}],"inLanguage":"es"}]}},"_links":{"self":[{"href":"http:\/\/costapressclub.com\/es\/wp-json\/wp\/v2\/pages\/6220","targetHints":{"allow":["GET"]}}],"collection":[{"href":"http:\/\/costapressclub.com\/es\/wp-json\/wp\/v2\/pages"}],"about":[{"href":"http:\/\/costapressclub.com\/es\/wp-json\/wp\/v2\/types\/page"}],"author":[{"embeddable":true,"href":"http:\/\/costapressclub.com\/es\/wp-json\/wp\/v2\/users\/1"}],"replies":[{"embeddable":true,"href":"http:\/\/costapressclub.com\/es\/wp-json\/wp\/v2\/comments?post=6220"}],"version-history":[{"count":37,"href":"http:\/\/costapressclub.com\/es\/wp-json\/wp\/v2\/pages\/6220\/revisions"}],"predecessor-version":[{"id":9241,"href":"http:\/\/costapressclub.com\/es\/wp-json\/wp\/v2\/pages\/6220\/revisions\/9241"}],"wp:attachment":[{"href":"http:\/\/costapressclub.com\/es\/wp-json\/wp\/v2\/media?parent=6220"}],"curies":[{"name":"wp","href":"https:\/\/api.w.org\/{rel}","templated":true}]}}