{"id":6261,"date":"2016-06-06T12:34:59","date_gmt":"2016-06-06T10:34:59","guid":{"rendered":"http:\/\/costapressclub.com\/es\/?page_id=6261"},"modified":"2026-03-24T08:41:17","modified_gmt":"2026-03-24T07:41:17","slug":"proxima-reunion","status":"publish","type":"page","link":"http:\/\/costapressclub.com\/es\/proxima-reunion\/","title":{"rendered":"Pr\u00f3xima Reuni\u00f3n"},"content":{"rendered":"<div class=\"wpb-content-wrapper\">[vc_row][vc_column]<div class=\"hr none\" style=\"margin:20px 0px !important;\"><\/div><div class=\"clearfix\"><\/div>[\/vc_column][\/vc_row][vc_row][vc_column width=\"5\/6\"][vc_column_text css=\"\"]<strong>El Club de Prensa de la Costa del Sol se re\u00fane m\u00e1s o menos cada dos meses en lugares diferentes entre Estepona y M\u00e1laga, normalmente con el formato de ponencia y cena o eventos especiales. Damos la bienvenida a invitados y posibles nuevos socios (<a href=\"http:\/\/costapressclub.com\/es\/hazte-socio-costa-press-club\/\">ponte en contacto con cualquier miembro del Comit\u00e9<\/a>). Si tienes una idea para un establecimiento o ponente, no dudes en ponerte en contacto con cualquier miembro de la junta.<\/strong><\/p>\n<p style=\"text-align: center;\"><strong>MARTES, 5 DE MAYO DE 2026<\/strong><\/p>\n<p style=\"text-align: center;\">De 18:00 a 21:30<\/p>\n<p style=\"text-align: center;\"><strong>\u201cEL FUTURO DE LA HOSTELER\u00cdA Y LA GASTRONOM\u00cdA EN MARBELLA\u201d<\/strong><\/p>\n<p style=\"text-align: center;\"><strong>Lugar: RESTAURANTE ALQUIMIA<\/strong><\/p>\n<p style=\"text-align: center;\"><strong>ESCUELA INTERNACIONAL DE GESTI\u00d3N HOTELERA LES ROCHES MARBELLA<\/strong><\/p>\n<p style=\"text-align: center;\"><strong>NUEVA ANDALUC\u00cdA<\/strong><\/p>\n<p style=\"text-align: center;\"><strong>Charla a cargo de la direcci\u00f3n de Les Roches Marbella y visita a las instalaciones del centro.<\/strong><\/p>\n<p style=\"text-align: center;\"><strong>\u00a0<\/strong><strong>Cena de 3 platos<\/strong><\/p>\n<p>&nbsp;<\/p>\n<p>El objetivo de la pr\u00f3xima reuni\u00f3n es analizar la relevancia y el desarrollo de la hosteler\u00eda y la gastronom\u00eda internacionales como factor clave para el \u00e9xito de Marbella como destino tur\u00edstico residencial de alto nivel.<\/p>\n<p>Les Roches es el centro de educaci\u00f3n superior m\u00e1s destacado de Marbella, con aproximadamente 1000 estudiantes de unas 100 nacionalidades. M\u00e1s informaci\u00f3n sobre Les Roches al final de este correo electr\u00f3nico.<\/p>\n<p>Les Roches abre el restaurante Alquimia para la cena, especialmente para la reuni\u00f3n del CPC. Es importante destacar que la comida ser\u00e1 preparada y servida \u00edntegramente por estudiantes de Les Roches (supervisados \u200b\u200bpor profesionales), por lo que podemos esperar un servicio de la m\u00e1s alta calidad\u2026 quiz\u00e1s con algo de nervios\u2026<\/p>\n<p style=\"text-align: center;\"><strong>Programa<\/strong><\/p>\n<p style=\"text-align: center;\"><strong>18:00 Llegada a Les Roches Marbella<\/strong><\/p>\n<p style=\"text-align: center;\"><strong>C\u00f3ctel de bienvenida: cerveza, vino, cava, agua, refrescos<\/strong><\/p>\n<p style=\"text-align: center;\"><strong>18:30 Visita a las instalaciones y charla: El futuro de la hosteler\u00eda y la gastronom\u00eda en Marbella<\/strong><\/p>\n<p style=\"text-align: center;\"><strong>La charla se impartir\u00e1 en ingl\u00e9s y a continuaci\u00f3n habr\u00e1 una sesi\u00f3n de preguntas y respuestas.<\/strong><\/p>\n<p style=\"text-align: center;\"><strong>19:30-21:30 Cena de 3 platos<\/strong><\/p>\n<p style=\"text-align: center;\"><strong>(Ver men\u00fa adjunto)<\/strong><\/p>\n<p><strong>\u00a0<\/strong><\/p>\n<p>Por favor, ind\u00edquenos su elecci\u00f3n de plato principal y si es vegetariano o intolerante al gluten.<\/p>\n<p>Men\u00fa especial: 30 euros para socios - 40 euros para invitados<\/p>\n<p>Invitados bienvenidos - (cont\u00e1ctanos para disponibilidad)<\/p>\n<p><em>El men\u00fa incluye la copa de bienvenida, y agua en las mesas.\u00a0 Otras consumiciones se pagar\u00e1n aparte.<\/em><\/p>\n<p>&nbsp;<\/p>\n<p><strong>Pago<\/strong>: en efectivo la noche del evento o, si prefiere pagar por adelantado, consulte los datos bancarios del club a continuaci\u00f3n:<\/p>\n<ul>\n<li>Banco Sabadell<\/li>\n<li>Cuenta: Asociaci\u00f3n Club de Prensa de la Costa del Sol<\/li>\n<li>IBAN: ES61 0081 7452 8500 0183 9891<\/li>\n<li>BIC: BSABESBB<\/li>\n<\/ul>\n<p>Por favor, inf\u00f3rmenos cuando realice la transferencia, antes del 30 de abril.<\/p>\n<p>Tenga en cuenta que las cancelaciones tard\u00edas despu\u00e9s de las 12:00 del mediod\u00eda del jueves 30 de abril y las no presentaciones conllevar\u00e1n un cargo.<\/p>\n<p><strong>\u00a0<\/strong><strong>Direcci\u00f3n\/C\u00f3mo llegar<\/strong><\/p>\n<p>Restaurante Alquimia, Les Roches, Urbanizaci\u00f3n los Pinos del \u00c1ngel, 5F<\/p>\n<p>29660 Nueva Andaluc\u00eda, Marbella<\/p>\n<p><a href=\"https:\/\/maps.app.goo.gl\/vk2SELQkNRar4TUw9\">https:\/\/maps.app.goo.gl\/vk2SELQkNRar4TUw9<\/a><\/p>\n<p>Aparcamiento gratuito frente a Aloha College, a pocos pasos del restaurante.<\/p>\n<p>Por favor, confirme su asistencia a este evento antes de las 12:00 del mediod\u00eda del 30 de abril a <a href=\"mailto:info@costapressclub.com\">info@costapressclub.com<\/a><\/p>\n<p>----------------------------------------------------------------------------------------------------------------<\/p>\n<p><strong>INFORMACION -\u00a0 LES ROCHES, MARBELLA<\/strong><\/p>\n<p>Les Roches Marbella es una instituci\u00f3n l\u00edder internacional de educaci\u00f3n superior especializada en hosteler\u00eda, turismo y gesti\u00f3n de lujo, ubicada en Marbella. Es reconocida por combinar la excelencia acad\u00e9mica con una formaci\u00f3n pr\u00e1ctica y orientada al sector en un entorno verdaderamente global.<\/p>\n<p><strong>ACTIVIDAD PRINCIPAL Y ENFOQUE ACAD\u00c9MICO<\/strong><\/p>\n<ul>\n<li>Formaci\u00f3n en Hosteler\u00eda y Turismo: Les Roches ofrece programas de grado, posgrado y ejecutivos en \u00e1reas como Gesti\u00f3n Hotelera Global, Turismo de Lujo, Gesti\u00f3n Hotelera, Marketing y Emprendimiento. \u2022 Aprendizaje pr\u00e1ctico y experiencial: Una parte fundamental de su actividad es el aprendizaje a trav\u00e9s de la pr\u00e1ctica. Los estudiantes adquieren experiencia operativa en \u00e1reas como cocinas, servicio de alimentos y bebidas, recepci\u00f3n y eventos, lo que les permite comprender el funcionamiento de los negocios de hosteler\u00eda en todos los niveles.<\/li>\n<\/ul>\n<p><strong>MENU<\/strong><\/p>\n<p style=\"text-align: center;\"><strong>Entradas a compartir:<\/strong><\/p>\n<p style=\"text-align: center;\">Croquetas de d\u00e1tiles, queso de cabra y nueces<\/p>\n<p>Pastela Moruna de Pollo<\/p>\n<p>Ensaladilla Rusa y Encurtidos<\/p>\n<p>Los entrantes a compartir ser\u00e1n adaptados a opciones vegetariana, sin gluten, etc...<\/p>\n<p style=\"text-align: center;\"><strong>Principal a elegir:<\/strong><\/p>\n<p style=\"text-align: center;\">Carillera de cerdo estofada y Parmentier de Patata<\/p>\n<p>Corvina Salvaje Soasada y Pisto<\/p>\n<p>Falso Risotto de Setas Salvajes<\/p>\n<p><strong>Postre:<\/strong><br \/>\nMilhoja de Chocolate y Avellana<br \/>\n(gluten, lactosa, frutos secos, huevo)<\/p>\n<p><strong>Les esperamos el martes 5 de mayo<\/strong><\/p>\n<p><strong>\u00a0<\/strong><strong>Comit\u00e9 del Club de Prensa de la Costa del Sol<\/strong>[\/vc_column_text][\/vc_column][\/vc_row][vc_row][vc_column width=\"5\/6\"][\/vc_column][vc_column width=\"1\/6\"][\/vc_column][\/vc_row]\n<\/div>","protected":false},"excerpt":{"rendered":"<p>[vc_row][vc_column][\/vc_column][\/vc_row][vc_row][vc_column width=\u00bb5\/6&#8243;][vc_column_text css=\u00bb\u00bb]El Club de Prensa de la Costa del Sol se re\u00fane m\u00e1s o menos cada dos meses en lugares diferentes entre Estepona y M\u00e1laga, normalmente con el formato de ponencia y cena o eventos especiales. Damos la bienvenida a invitados y posibles nuevos socios (ponte en contacto con cualquier miembro del Comit\u00e9). Si tienes una idea para un establecimiento o ponente, no dudes en ponerte en contacto con cualquier miembro de la junta.<\/p>\n<p style=\"text-align: center;\">MARTES, 5 DE MAYO DE 2026<\/p>\n<p style=\"text-align: center;\">De 18:00 a 21:30<\/p>\n<p style=\"text-align: center;\">\u201cEL FUTURO<\/p>\n","protected":false},"author":1,"featured_media":0,"parent":0,"menu_order":0,"comment_status":"closed","ping_status":"open","template":"page-fullwidth.php","meta":{"footnotes":""},"class_list":["post-6261","page","type-page","status-publish","hentry"],"yoast_head":"<!-- This site is optimized with the Yoast SEO plugin v24.2 - https:\/\/yoast.com\/wordpress\/plugins\/seo\/ -->\n<title>Proxima Reuni\u00f3n | Costa Press Club<\/title>\n<meta name=\"description\" content=\"The Costa Press Club se re\u00fane cada dos meses aproximadamente para cenar en restaurantes variados a lo largo de la Costa del Sol occidental, M\u00e1laga.\" \/>\n<meta name=\"robots\" content=\"index, follow, max-snippet:-1, max-image-preview:large, max-video-preview:-1\" \/>\n<link rel=\"canonical\" href=\"http:\/\/costapressclub.com\/es\/proxima-reunion\/\" \/>\n<meta property=\"og:locale\" content=\"es_ES\" \/>\n<meta property=\"og:type\" content=\"article\" \/>\n<meta property=\"og:title\" content=\"Proxima Reuni\u00f3n | Costa Press Club\" \/>\n<meta property=\"og:description\" content=\"The Costa Press Club se re\u00fane cada dos meses aproximadamente para cenar en restaurantes variados a lo largo de la Costa del Sol occidental, M\u00e1laga.\" \/>\n<meta property=\"og:url\" content=\"http:\/\/costapressclub.com\/es\/proxima-reunion\/\" \/>\n<meta property=\"og:site_name\" content=\"Costa Press Club\" \/>\n<meta property=\"article:modified_time\" content=\"2026-03-24T07:41:17+00:00\" \/>\n<meta name=\"twitter:card\" content=\"summary_large_image\" \/>\n<meta name=\"twitter:label1\" content=\"Tiempo de lectura\" \/>\n\t<meta name=\"twitter:data1\" content=\"4 minutos\" \/>\n<script type=\"application\/ld+json\" class=\"yoast-schema-graph\">{\"@context\":\"https:\/\/schema.org\",\"@graph\":[{\"@type\":\"WebPage\",\"@id\":\"http:\/\/costapressclub.com\/es\/proxima-reunion\/\",\"url\":\"http:\/\/costapressclub.com\/es\/proxima-reunion\/\",\"name\":\"Proxima Reuni\u00f3n | Costa Press Club\",\"isPartOf\":{\"@id\":\"http:\/\/costapressclub.com\/#website\"},\"datePublished\":\"2016-06-06T10:34:59+00:00\",\"dateModified\":\"2026-03-24T07:41:17+00:00\",\"description\":\"The Costa Press Club se re\u00fane cada dos meses aproximadamente para cenar en restaurantes variados a lo largo de la Costa del Sol occidental, M\u00e1laga.\",\"breadcrumb\":{\"@id\":\"http:\/\/costapressclub.com\/es\/proxima-reunion\/#breadcrumb\"},\"inLanguage\":\"es\",\"potentialAction\":[{\"@type\":\"ReadAction\",\"target\":[\"http:\/\/costapressclub.com\/es\/proxima-reunion\/\"]}]},{\"@type\":\"BreadcrumbList\",\"@id\":\"http:\/\/costapressclub.com\/es\/proxima-reunion\/#breadcrumb\",\"itemListElement\":[{\"@type\":\"ListItem\",\"position\":1,\"name\":\"Home\",\"item\":\"http:\/\/costapressclub.com\/es\/\"},{\"@type\":\"ListItem\",\"position\":2,\"name\":\"Pr\u00f3xima Reuni\u00f3n\"}]},{\"@type\":\"WebSite\",\"@id\":\"http:\/\/costapressclub.com\/#website\",\"url\":\"http:\/\/costapressclub.com\/\",\"name\":\"Costa Press Club\",\"description\":\"Journalists and media professionals on the Costa del Sol\",\"potentialAction\":[{\"@type\":\"SearchAction\",\"target\":{\"@type\":\"EntryPoint\",\"urlTemplate\":\"http:\/\/costapressclub.com\/?s={search_term_string}\"},\"query-input\":{\"@type\":\"PropertyValueSpecification\",\"valueRequired\":true,\"valueName\":\"search_term_string\"}}],\"inLanguage\":\"es\"}]}<\/script>\n<!-- \/ Yoast SEO plugin. -->","yoast_head_json":{"title":"Proxima Reuni\u00f3n | Costa Press Club","description":"The Costa Press Club se re\u00fane cada dos meses aproximadamente para cenar en restaurantes variados a lo largo de la Costa del Sol occidental, M\u00e1laga.","robots":{"index":"index","follow":"follow","max-snippet":"max-snippet:-1","max-image-preview":"max-image-preview:large","max-video-preview":"max-video-preview:-1"},"canonical":"http:\/\/costapressclub.com\/es\/proxima-reunion\/","og_locale":"es_ES","og_type":"article","og_title":"Proxima Reuni\u00f3n | Costa Press Club","og_description":"The Costa Press Club se re\u00fane cada dos meses aproximadamente para cenar en restaurantes variados a lo largo de la Costa del Sol occidental, M\u00e1laga.","og_url":"http:\/\/costapressclub.com\/es\/proxima-reunion\/","og_site_name":"Costa Press Club","article_modified_time":"2026-03-24T07:41:17+00:00","twitter_card":"summary_large_image","twitter_misc":{"Tiempo de lectura":"4 minutos"},"schema":{"@context":"https:\/\/schema.org","@graph":[{"@type":"WebPage","@id":"http:\/\/costapressclub.com\/es\/proxima-reunion\/","url":"http:\/\/costapressclub.com\/es\/proxima-reunion\/","name":"Proxima Reuni\u00f3n | Costa Press Club","isPartOf":{"@id":"http:\/\/costapressclub.com\/#website"},"datePublished":"2016-06-06T10:34:59+00:00","dateModified":"2026-03-24T07:41:17+00:00","description":"The Costa Press Club se re\u00fane cada dos meses aproximadamente para cenar en restaurantes variados a lo largo de la Costa del Sol occidental, M\u00e1laga.","breadcrumb":{"@id":"http:\/\/costapressclub.com\/es\/proxima-reunion\/#breadcrumb"},"inLanguage":"es","potentialAction":[{"@type":"ReadAction","target":["http:\/\/costapressclub.com\/es\/proxima-reunion\/"]}]},{"@type":"BreadcrumbList","@id":"http:\/\/costapressclub.com\/es\/proxima-reunion\/#breadcrumb","itemListElement":[{"@type":"ListItem","position":1,"name":"Home","item":"http:\/\/costapressclub.com\/es\/"},{"@type":"ListItem","position":2,"name":"Pr\u00f3xima Reuni\u00f3n"}]},{"@type":"WebSite","@id":"http:\/\/costapressclub.com\/#website","url":"http:\/\/costapressclub.com\/","name":"Costa Press Club","description":"Journalists and media professionals on the Costa del Sol","potentialAction":[{"@type":"SearchAction","target":{"@type":"EntryPoint","urlTemplate":"http:\/\/costapressclub.com\/?s={search_term_string}"},"query-input":{"@type":"PropertyValueSpecification","valueRequired":true,"valueName":"search_term_string"}}],"inLanguage":"es"}]}},"_links":{"self":[{"href":"http:\/\/costapressclub.com\/es\/wp-json\/wp\/v2\/pages\/6261","targetHints":{"allow":["GET"]}}],"collection":[{"href":"http:\/\/costapressclub.com\/es\/wp-json\/wp\/v2\/pages"}],"about":[{"href":"http:\/\/costapressclub.com\/es\/wp-json\/wp\/v2\/types\/page"}],"author":[{"embeddable":true,"href":"http:\/\/costapressclub.com\/es\/wp-json\/wp\/v2\/users\/1"}],"replies":[{"embeddable":true,"href":"http:\/\/costapressclub.com\/es\/wp-json\/wp\/v2\/comments?post=6261"}],"version-history":[{"count":146,"href":"http:\/\/costapressclub.com\/es\/wp-json\/wp\/v2\/pages\/6261\/revisions"}],"predecessor-version":[{"id":9278,"href":"http:\/\/costapressclub.com\/es\/wp-json\/wp\/v2\/pages\/6261\/revisions\/9278"}],"wp:attachment":[{"href":"http:\/\/costapressclub.com\/es\/wp-json\/wp\/v2\/media?parent=6261"}],"curies":[{"name":"wp","href":"https:\/\/api.w.org\/{rel}","templated":true}]}}