{"id":6195,"date":"2016-06-06T10:34:30","date_gmt":"2016-06-06T08:34:30","guid":{"rendered":"http:\/\/costapressclub.com\/es\/?page_id=6195"},"modified":"2024-02-22T21:20:51","modified_gmt":"2024-02-22T20:20:51","slug":"sobre-nosotros-costa-press-club","status":"publish","type":"page","link":"https:\/\/costapressclub.com\/es\/sobre-nosotros-costa-press-club\/","title":{"rendered":"Sobre Nosotros"},"content":{"rendered":"<div class=\"wpb-content-wrapper\">[vc_row css=\".vc_custom_1403683187490{padding-top: 50px !important;padding-bottom: 60px !important;}\"][vc_column width=\"2\/3\"][vc_single_image image=\"5981\" img_size=\"full\" add_caption=\"yes\"][\/vc_column][vc_column width=\"1\/3\"][vc_column_text css=\".vc_custom_1561454116041{margin-bottom: 40px !important;}\"]\n<p>Fundado en el 2002, el Costa Press Club es una asociaci\u00f3n registrada y inscrita con la Junta de Andaluc\u00eda que ofrece a sus socios un foro social y profesional \u00fanico. Las reuniones se celebran en diversos lugares por lo general cada dos meses, y muchas veces contando con ponentes invitados.<\/p>\n<p>Adem\u00e1s, invitamos a contactar con el Club en cualquier momento a los medios de comunicaci\u00f3n extranjeros que investiguen o las organizaciones con sede en Espa\u00f1a que deseen saber m\u00e1s sobre los medios de comunicaci\u00f3n internacionales y las comunidades for\u00e1neas de la Costa del Sol.<\/p>\n<p>Convertirte en socio del Club es posible para cualquier persona con experiencia del periodismo o de la provisi\u00f3n de contenidos de los medios de comunicaci\u00f3n, incluyendo peri\u00f3dicos y revistas impresas, digital\/online, fotograf\u00eda, televisi\u00f3n, radio, multimedia y redes sociales.<\/p>\n[\/vc_column_text][\/vc_column][vc_column width=\"5\/6\"]<div class=\"separator_block left\" style=\"margin-bottom:30px;\"><h4>Nuestros objetivos son:<\/h4><div class=\"separator short\"><div class=\"separator_line\"><\/div><\/div><div class=\"clearfix\"><\/div><\/div>[vc_column_text]\n[\/vc_column_text][vc_separator][\/vc_column][vc_column width=\"1\/6\"][\/vc_column][vc_column width=\"5\/6\"]<div class=\"separator_block left\" style=\"margin-bottom:30px;\"><h4>LA JUNTA DIRECTIVA DEL \u201cCOSTA PRESS CLUB\u201d<\/h4><div class=\"separator short\"><div class=\"separator_line\"><\/div><\/div><div class=\"clearfix\"><\/div><\/div>[vc_column_text]\n[\/vc_column_text][\/vc_column][vc_column width=\"1\/6\"][\/vc_column][vc_column width=\"2\/3\"]<div class=\"toggle style4\"><div class=\"toggle-title \"><div class=\"status-icon fleft\"><i class=\"fa fa-plus\"><\/i><\/div><span> Presidente: Neil Hesketh <\/span><\/div><div class=\"toggle-inner\">\n<i class=\"icon fa fa-mobile small circle\" style=\"\"><\/i> +34 677 688 427<br \/>\n<a href=\"mailto:neil@spanishapproach.com\"><i class=\"icon fa fa-envelope-o small circle\" style=\"\"><\/i> <\/a><\/div><\/div><div class=\"toggle style4\"><div class=\"toggle-title \"><div class=\"status-icon fleft\"><i class=\"fa fa-plus\"><\/i><\/div><span> Vice Presidenta: Liz Parry <\/span><\/div><div class=\"toggle-inner\"><i class=\"icon fa fa-envelope-o small circle\" style=\"\"><\/i> <a href=\"mailto:lizparry@costapressclub.com\">email\u00a0<\/a><\/div><\/div><div class=\"toggle style4\"><div class=\"toggle-title \"><div class=\"status-icon fleft\"><i class=\"fa fa-plus\"><\/i><\/div><span> 2\u00aa Vice Presidenta: Sally Harrison <\/span><\/div><div class=\"toggle-inner\">\n<i class=\"icon fa fa-envelope-o small circle\" style=\"\"><\/i> <a href=\"mailto:sallyharrison@axarquiaproperties.com\">email<\/a><\/div><\/div><div class=\"toggle style4\"><div class=\"toggle-title \"><div class=\"status-icon fleft\"><i class=\"fa fa-plus\"><\/i><\/div><span> Secretaria: Joanna Styles <\/span><\/div><div class=\"toggle-inner\"><i class=\"icon fa fa-phone small circle\" style=\"\"><\/i> +34 690 006 741<br \/>\n<i class=\"icon fa fa-envelope-o small circle\" style=\"\"><\/i> <a href=\"mailto:info@joannastyles.com\">email<\/a><\/div><\/div><div class=\"toggle style4\"><div class=\"toggle-title \"><div class=\"status-icon fleft\"><i class=\"fa fa-plus\"><\/i><\/div><span> Tesorero: Peter Leonard <\/span><\/div><div class=\"toggle-inner\"><i class=\"icon fa fa-envelope-o small circle\" style=\"\"><\/i> <a href=\"mailto:pleonard@costapressclub.com\">email<\/a><\/div><\/div><div class=\"toggle style4\"><div class=\"toggle-title \"><div class=\"status-icon fleft\"><i class=\"fa fa-plus\"><\/i><\/div><span> Vocal\u00eda: Karl Smallman<\/span><\/div><div class=\"toggle-inner\">\n<i class=\"icon fa fa-phone small circle\" style=\"\"><\/i> +34 676 798 359<br \/>\n<i class=\"icon fa fa-envelope-o small circle\" style=\"\"><\/i> <a href=\"mailto:contact@stefaniavanlieshout.com\">email<\/a><\/p>\n<\/div><\/div><div class=\"toggle style4\"><div class=\"toggle-title \"><div class=\"status-icon fleft\"><i class=\"fa fa-plus\"><\/i><\/div><span> Vocal\u00eda: Louise Cook Edwards<\/span><\/div><div class=\"toggle-inner\"><i class=\"icon fa fa-envelope-o small circle\" style=\"\"><\/i> <a href=\"mailto:louisecookedwards@gmail.com\">email<\/a><\/p>\n<\/div><\/div>[vc_separator][\/vc_column][vc_column width=\"1\/3\"][vc_single_image image=\"8765\" img_size=\"full\" alignment=\"right\"][vc_column_text]\n<p>Peter Leonard, Joanna Styles, Neil Hesketh, Liz Parry, Sally Harrison, Karl Smallman y Louise Cook Edwards<\/p>\n[\/vc_column_text][\/vc_column][\/vc_row]\n<\/div>","protected":false},"excerpt":{"rendered":"<p>[vc_row css=\u00bb.vc_custom_1403683187490{padding-top: 50px !important;padding-bottom: 60px !important;}\u00bb][vc_column width=\u00bb2\/3&#8243;][vc_single_image image=\u00bb5981&#8243; img_size=\u00bbfull\u00bb add_caption=\u00bbyes\u00bb][\/vc_column][vc_column width=\u00bb1\/3&#8243;][vc_column_text css=\u00bb.vc_custom_1561454116041{margin-bottom: 40px !important;}\u00bb]<\/p>\n<p>Fundado en el 2002, el Costa Press Club es una asociaci\u00f3n registrada y inscrita con la Junta de Andaluc\u00eda que ofrece a sus socios un foro social y profesional \u00fanico. Las reuniones se celebran en diversos lugares por lo general cada dos meses, y muchas veces contando con ponentes invitados.<\/p>\n<p>Adem\u00e1s, invitamos a contactar con el Club en cualquier momento a los medios de comunicaci\u00f3n extranjeros que investiguen o las organizaciones con sede en Espa\u00f1a que deseen saber<\/p>\n","protected":false},"author":1,"featured_media":0,"parent":0,"menu_order":0,"comment_status":"closed","ping_status":"open","template":"page-fullwidth.php","meta":{"footnotes":""},"class_list":["post-6195","page","type-page","status-publish","hentry"],"yoast_head":"<!-- This site is optimized with the Yoast SEO plugin v24.2 - https:\/\/yoast.com\/wordpress\/plugins\/seo\/ -->\n<title>Sobre Nosotros | Costa Press Club<\/title>\n<meta name=\"description\" content=\"La Asociaci\u00f3n Club de Prensa de la Costa del Sol (The Costa Press Club) fue establecida hace 14 a\u00f1os. Ofrece a sus socios un foro \u00fanico profesional y un lugar de encuentro social.\" \/>\n<meta name=\"robots\" content=\"index, follow, max-snippet:-1, max-image-preview:large, max-video-preview:-1\" \/>\n<link rel=\"canonical\" href=\"http:\/\/costapressclub.com\/es\/sobre-nosotros-costa-press-club\/\" \/>\n<meta property=\"og:locale\" content=\"es_ES\" \/>\n<meta property=\"og:type\" content=\"article\" \/>\n<meta property=\"og:title\" content=\"Sobre Nosotros | Costa Press Club\" \/>\n<meta property=\"og:description\" content=\"La Asociaci\u00f3n Club de Prensa de la Costa del Sol (The Costa Press Club) fue establecida hace 14 a\u00f1os. Ofrece a sus socios un foro \u00fanico profesional y un lugar de encuentro social.\" \/>\n<meta property=\"og:url\" content=\"http:\/\/costapressclub.com\/es\/sobre-nosotros-costa-press-club\/\" \/>\n<meta property=\"og:site_name\" content=\"Costa Press Club\" \/>\n<meta property=\"article:modified_time\" content=\"2024-02-22T20:20:51+00:00\" \/>\n<meta name=\"twitter:card\" content=\"summary_large_image\" \/>\n<meta name=\"twitter:label1\" content=\"Tiempo de lectura\" \/>\n\t<meta name=\"twitter:data1\" content=\"2 minutos\" \/>\n<script type=\"application\/ld+json\" class=\"yoast-schema-graph\">{\"@context\":\"https:\/\/schema.org\",\"@graph\":[{\"@type\":\"WebPage\",\"@id\":\"http:\/\/costapressclub.com\/es\/sobre-nosotros-costa-press-club\/\",\"url\":\"http:\/\/costapressclub.com\/es\/sobre-nosotros-costa-press-club\/\",\"name\":\"Sobre Nosotros | Costa Press Club\",\"isPartOf\":{\"@id\":\"http:\/\/costapressclub.com\/#website\"},\"datePublished\":\"2016-06-06T08:34:30+00:00\",\"dateModified\":\"2024-02-22T20:20:51+00:00\",\"description\":\"La Asociaci\u00f3n Club de Prensa de la Costa del Sol (The Costa Press Club) fue establecida hace 14 a\u00f1os. Ofrece a sus socios un foro \u00fanico profesional y un lugar de encuentro social.\",\"breadcrumb\":{\"@id\":\"http:\/\/costapressclub.com\/es\/sobre-nosotros-costa-press-club\/#breadcrumb\"},\"inLanguage\":\"es\",\"potentialAction\":[{\"@type\":\"ReadAction\",\"target\":[\"http:\/\/costapressclub.com\/es\/sobre-nosotros-costa-press-club\/\"]}]},{\"@type\":\"BreadcrumbList\",\"@id\":\"http:\/\/costapressclub.com\/es\/sobre-nosotros-costa-press-club\/#breadcrumb\",\"itemListElement\":[{\"@type\":\"ListItem\",\"position\":1,\"name\":\"Home\",\"item\":\"http:\/\/costapressclub.com\/es\/\"},{\"@type\":\"ListItem\",\"position\":2,\"name\":\"Sobre Nosotros\"}]},{\"@type\":\"WebSite\",\"@id\":\"http:\/\/costapressclub.com\/#website\",\"url\":\"http:\/\/costapressclub.com\/\",\"name\":\"Costa Press Club\",\"description\":\"Journalists and media professionals on the Costa del Sol\",\"potentialAction\":[{\"@type\":\"SearchAction\",\"target\":{\"@type\":\"EntryPoint\",\"urlTemplate\":\"http:\/\/costapressclub.com\/?s={search_term_string}\"},\"query-input\":{\"@type\":\"PropertyValueSpecification\",\"valueRequired\":true,\"valueName\":\"search_term_string\"}}],\"inLanguage\":\"es\"}]}<\/script>\n<!-- \/ Yoast SEO plugin. -->","yoast_head_json":{"title":"Sobre Nosotros | Costa Press Club","description":"La Asociaci\u00f3n Club de Prensa de la Costa del Sol (The Costa Press Club) fue establecida hace 14 a\u00f1os. Ofrece a sus socios un foro \u00fanico profesional y un lugar de encuentro social.","robots":{"index":"index","follow":"follow","max-snippet":"max-snippet:-1","max-image-preview":"max-image-preview:large","max-video-preview":"max-video-preview:-1"},"canonical":"http:\/\/costapressclub.com\/es\/sobre-nosotros-costa-press-club\/","og_locale":"es_ES","og_type":"article","og_title":"Sobre Nosotros | Costa Press Club","og_description":"La Asociaci\u00f3n Club de Prensa de la Costa del Sol (The Costa Press Club) fue establecida hace 14 a\u00f1os. Ofrece a sus socios un foro \u00fanico profesional y un lugar de encuentro social.","og_url":"http:\/\/costapressclub.com\/es\/sobre-nosotros-costa-press-club\/","og_site_name":"Costa Press Club","article_modified_time":"2024-02-22T20:20:51+00:00","twitter_card":"summary_large_image","twitter_misc":{"Tiempo de lectura":"2 minutos"},"schema":{"@context":"https:\/\/schema.org","@graph":[{"@type":"WebPage","@id":"http:\/\/costapressclub.com\/es\/sobre-nosotros-costa-press-club\/","url":"http:\/\/costapressclub.com\/es\/sobre-nosotros-costa-press-club\/","name":"Sobre Nosotros | Costa Press Club","isPartOf":{"@id":"http:\/\/costapressclub.com\/#website"},"datePublished":"2016-06-06T08:34:30+00:00","dateModified":"2024-02-22T20:20:51+00:00","description":"La Asociaci\u00f3n Club de Prensa de la Costa del Sol (The Costa Press Club) fue establecida hace 14 a\u00f1os. Ofrece a sus socios un foro \u00fanico profesional y un lugar de encuentro social.","breadcrumb":{"@id":"http:\/\/costapressclub.com\/es\/sobre-nosotros-costa-press-club\/#breadcrumb"},"inLanguage":"es","potentialAction":[{"@type":"ReadAction","target":["http:\/\/costapressclub.com\/es\/sobre-nosotros-costa-press-club\/"]}]},{"@type":"BreadcrumbList","@id":"http:\/\/costapressclub.com\/es\/sobre-nosotros-costa-press-club\/#breadcrumb","itemListElement":[{"@type":"ListItem","position":1,"name":"Home","item":"http:\/\/costapressclub.com\/es\/"},{"@type":"ListItem","position":2,"name":"Sobre Nosotros"}]},{"@type":"WebSite","@id":"http:\/\/costapressclub.com\/#website","url":"http:\/\/costapressclub.com\/","name":"Costa Press Club","description":"Journalists and media professionals on the Costa del Sol","potentialAction":[{"@type":"SearchAction","target":{"@type":"EntryPoint","urlTemplate":"http:\/\/costapressclub.com\/?s={search_term_string}"},"query-input":{"@type":"PropertyValueSpecification","valueRequired":true,"valueName":"search_term_string"}}],"inLanguage":"es"}]}},"_links":{"self":[{"href":"https:\/\/costapressclub.com\/es\/wp-json\/wp\/v2\/pages\/6195","targetHints":{"allow":["GET"]}}],"collection":[{"href":"https:\/\/costapressclub.com\/es\/wp-json\/wp\/v2\/pages"}],"about":[{"href":"https:\/\/costapressclub.com\/es\/wp-json\/wp\/v2\/types\/page"}],"author":[{"embeddable":true,"href":"https:\/\/costapressclub.com\/es\/wp-json\/wp\/v2\/users\/1"}],"replies":[{"embeddable":true,"href":"https:\/\/costapressclub.com\/es\/wp-json\/wp\/v2\/comments?post=6195"}],"version-history":[{"count":45,"href":"https:\/\/costapressclub.com\/es\/wp-json\/wp\/v2\/pages\/6195\/revisions"}],"predecessor-version":[{"id":8784,"href":"https:\/\/costapressclub.com\/es\/wp-json\/wp\/v2\/pages\/6195\/revisions\/8784"}],"wp:attachment":[{"href":"https:\/\/costapressclub.com\/es\/wp-json\/wp\/v2\/media?parent=6195"}],"curies":[{"name":"wp","href":"https:\/\/api.w.org\/{rel}","templated":true}]}}