{"id":6265,"date":"2016-06-06T12:45:40","date_gmt":"2016-06-06T10:45:40","guid":{"rendered":"http:\/\/costapressclub.com\/es\/?page_id=6265"},"modified":"2023-06-03T11:48:00","modified_gmt":"2023-06-03T09:48:00","slug":"socios-honorificos","status":"publish","type":"page","link":"https:\/\/costapressclub.com\/es\/socios-honorificos\/","title":{"rendered":"Homenaje"},"content":{"rendered":"<div class=\"wpb-content-wrapper\">[vc_row][vc_column width=\"5\/6\"]<div class=\"separator_block left\" style=\"margin-bottom:30px;\"><h4>SOCIOS HONOR\u00cdFICOS<\/h4><div class=\"separator fullwidth\"><div class=\"separator_line\"><\/div><\/div><div class=\"clearfix\"><\/div><\/div>[vc_column_text]\n<p><span style=\"font-weight: 400;\">En reconocimiento a su importante contribuci\u00f3n al periodismo de la Costa del Sol, se les ha concedido la condici\u00f3n de socios honor\u00edficos\u2026<\/span><\/p>\n<p><span style=\"font-weight: 400;\">Gillaine Hathaway (Presidenta Honor\u00edfica de Fundaci\u00f3n, f), Joan Davis (Presidenta Honor\u00edfica, f), Gerry Davis (f), Charlie Beck (f), Richard Winter (f),\u00a0 Mark Little (f), Carla Harvey (f), Ken Brown, Lenox Napier y Peter Bond.<\/span><\/p>\n[\/vc_column_text]<div class=\"separator_block left\" style=\"margin-bottom:30px;\"><h4>En Memoria<\/h4><div class=\"separator fullwidth\"><div class=\"separator_line\"><\/div><\/div><div class=\"clearfix\"><\/div><\/div>[\/vc_column][vc_column width=\"1\/6\"][\/vc_column][\/vc_row][vc_row][vc_column width=\"5\/6\"]\n<div class=\"toggle style4\"><div class=\"toggle-title \"><div class=\"status-icon fleft\"><i class=\"fa fa-plus\"><\/i><\/div><span> Jesper Sander Pedersen<\/span><\/div><div class=\"toggle-inner\">\n<p><span style=\"font-weight: 400;\"><a href=\"http:\/\/costapressclub.com\/wp-content\/uploads\/2023\/06\/Jesper-copia.jpeg\"><img loading=\"lazy\" decoding=\"async\" class=\"alignright size-medium wp-image-8510\" src=\"http:\/\/costapressclub.com\/wp-content\/uploads\/2023\/06\/Jesper-copia-300x200.jpeg\" alt=\"\" width=\"300\" height=\"200\" srcset=\"https:\/\/costapressclub.com\/wp-content\/uploads\/2023\/06\/Jesper-copia-300x200.jpeg 300w, https:\/\/costapressclub.com\/wp-content\/uploads\/2023\/06\/Jesper-copia-1024x683.jpeg 1024w, https:\/\/costapressclub.com\/wp-content\/uploads\/2023\/06\/Jesper-copia-768x512.jpeg 768w, https:\/\/costapressclub.com\/wp-content\/uploads\/2023\/06\/Jesper-copia-1536x1024.jpeg 1536w, https:\/\/costapressclub.com\/wp-content\/uploads\/2023\/06\/Jesper-copia.jpeg 1600w\" sizes=\"auto, (max-width: 300px) 100vw, 300px\" \/><\/a>El que fuera presidente del club durante muchos a\u00f1os, Jesper Sander Pedersen, falleci\u00f3 en mayo de 2023, a la edad de 61 a\u00f1os, tras ser hospitalizado por una grave enfermedad. Jesper, uno de los primeros periodistas internacionales en trabajar para medios de comunicaci\u00f3n en lengua extranjera en la Costa del Sol, era especialmente conocido por su apasionado compromiso con unos medios de comunicaci\u00f3n liberales y con la integraci\u00f3n de las nacionalidades extranjeras en la vida de la Costa del Sol.\u00a0<\/span><\/p>\n<p><span style=\"font-weight: 400;\">Dedic\u00f3 gran parte de su tiempo personal y profesional incansablemente a hacer que la gente se sintiera bienvenida, siempre con una sonrisa y un inter\u00e9s genuino por sus diversos or\u00edgenes e historias.<\/span><\/p>\n<p><span style=\"font-weight: 400;\">Los socios recuerdan con cari\u00f1o muchas agradables cenas-reuniones con Jesper, especialmente las fiestas navide\u00f1as en el Club Dan\u00e9s de Mijas, donde tuvo la oportunidad de compartir su cultura danesa nativa con un buen humor contagioso y con el mejor esp\u00edritu de comunicaci\u00f3n y cooperaci\u00f3n internacional.\u00a0<\/span><\/p>\n<p><span style=\"font-weight: 400;\">Una esquela en <\/span><a href=\"https:\/\/www.surinenglish.com\/malaga\/danish-journalist-jesper-sander-pederson-death-20230523113102-nt.html?fbclid=IwAR2ll3Lc9TN1Uj81wwgrwjhAYJKbGCV4tlrvfKN42tc1qF5E1rnav--HKws\"><span style=\"font-weight: 400;\">Sur en ingl\u00e9s<\/span><\/a><span style=\"font-weight: 400;\"> se\u00f1alaba que Jesper naci\u00f3 el 26 de agosto de 1961 en Hellerup (Copenhague). Estudi\u00f3 en la Facultad de Periodismo de Aarhus y, tras trasladarse a la Costa del Sol en 1986, trabaj\u00f3 como periodista freelance para medios escandinavos, como las revistas Scanposten y Solkysten y Radio Solymar.\u00a0<\/span><\/p>\n<p><span style=\"font-weight: 400;\">Conoci\u00f3 a su esposa espa\u00f1ola Roc\u00edo en Rinc\u00f3n de la Victoria, se casaron en 1987, tuvieron un hijo (Jakob) y vivieron varios a\u00f1os en Fuengirola antes de trasladarse a Torremolinos.<\/span><\/p>\n<p><span style=\"font-weight: 400;\">Hacia los \u00faltimos a\u00f1os de su vida profesional, Jesper se convirti\u00f3 en gu\u00eda tur\u00edstico para importantes empresas de viajes danesas antes de crear y, hasta el momento de su muerte, dirigir su propio servicio de asistencia y asesoramiento para ayudar a los daneses a enfrentarse a la burocracia espa\u00f1ola, la documentaci\u00f3n y las solicitudes oficiales.<\/span><\/p>\n<\/div><\/div><div class=\"toggle style4\"><div class=\"toggle-title \"><div class=\"status-icon fleft\"><i class=\"fa fa-plus\"><\/i><\/div><span> David Searl<\/span><\/div><div class=\"toggle-inner\">\n<p><a href=\"http:\/\/costapressclub.com\/wp-content\/uploads\/2022\/03\/David-Searl-obituary.png\"><img loading=\"lazy\" decoding=\"async\" class=\"aligncenter size-span12 wp-image-7726\" src=\"http:\/\/costapressclub.com\/wp-content\/uploads\/2022\/03\/David-Searl-obituary-437x420.png\" alt=\"\" width=\"437\" height=\"420\" \/><\/a><\/p>\n<\/div><\/div><div class=\"toggle style4\"><div class=\"toggle-title \"><div class=\"status-icon fleft\"><i class=\"fa fa-plus\"><\/i><\/div><span> Peter Brookes<\/span><\/div><div class=\"toggle-inner\"><img loading=\"lazy\" decoding=\"async\" class=\"alignnone size-full wp-image-5666\" src=\"http:\/\/costapressclub.com\/wp-content\/uploads\/2016\/01\/PeterBrooke.jpg\" alt=\"Peter Brookes in Memoriam\" width=\"1197\" height=\"1612\" srcset=\"https:\/\/costapressclub.com\/wp-content\/uploads\/2016\/01\/PeterBrooke.jpg 1197w, https:\/\/costapressclub.com\/wp-content\/uploads\/2016\/01\/PeterBrooke-223x300.jpg 223w, https:\/\/costapressclub.com\/wp-content\/uploads\/2016\/01\/PeterBrooke-768x1034.jpg 768w, https:\/\/costapressclub.com\/wp-content\/uploads\/2016\/01\/PeterBrooke-760x1024.jpg 760w\" sizes=\"auto, (max-width: 1197px) 100vw, 1197px\" \/><\/div><\/div><div class=\"toggle style4\"><div class=\"toggle-title \"><div class=\"status-icon fleft\"><i class=\"fa fa-plus\"><\/i><\/div><span> Joan Davis<\/span><\/div><div class=\"toggle-inner\"><img loading=\"lazy\" decoding=\"async\" class=\"alignnone size-full wp-image-5663\" src=\"http:\/\/costapressclub.com\/wp-content\/uploads\/2016\/01\/Joan_Davies2..jpg\" alt=\"Joan Davies Costa Press Club\" width=\"689\" height=\"800\" srcset=\"https:\/\/costapressclub.com\/wp-content\/uploads\/2016\/01\/Joan_Davies2..jpg 689w, https:\/\/costapressclub.com\/wp-content\/uploads\/2016\/01\/Joan_Davies2.-258x300.jpg 258w\" sizes=\"auto, (max-width: 689px) 100vw, 689px\" \/><img loading=\"lazy\" decoding=\"async\" class=\"alignnone size-full wp-image-5662\" src=\"http:\/\/costapressclub.com\/wp-content\/uploads\/2016\/01\/Sur_Joan_Davies1.jpg\" alt=\"Joan Davies in Memoriam\" width=\"703\" height=\"800\" srcset=\"https:\/\/costapressclub.com\/wp-content\/uploads\/2016\/01\/Sur_Joan_Davies1.jpg 703w, https:\/\/costapressclub.com\/wp-content\/uploads\/2016\/01\/Sur_Joan_Davies1-264x300.jpg 264w\" sizes=\"auto, (max-width: 703px) 100vw, 703px\" \/><\/div><\/div><div class=\"toggle style4\"><div class=\"toggle-title \"><div class=\"status-icon fleft\"><i class=\"fa fa-plus\"><\/i><\/div><span> Jack Nusbaum<\/span><\/div><div class=\"toggle-inner\"><img loading=\"lazy\" decoding=\"async\" class=\"alignnone size-full wp-image-5668\" src=\"http:\/\/costapressclub.com\/wp-content\/uploads\/2016\/01\/Sur-Jack-Nusbaum.jpg\" alt=\"Jack Nusbaum in Memoriam\" width=\"486\" height=\"880\" srcset=\"https:\/\/costapressclub.com\/wp-content\/uploads\/2016\/01\/Sur-Jack-Nusbaum.jpg 486w, https:\/\/costapressclub.com\/wp-content\/uploads\/2016\/01\/Sur-Jack-Nusbaum-166x300.jpg 166w\" sizes=\"auto, (max-width: 486px) 100vw, 486px\" \/><\/div><\/div><div class=\"toggle style4\"><div class=\"toggle-title \"><div class=\"status-icon fleft\"><i class=\"fa fa-plus\"><\/i><\/div><span> Rod Younger<\/span><\/div><div class=\"toggle-inner\"><img loading=\"lazy\" decoding=\"async\" class=\"alignnone size-full wp-image-5671\" src=\"http:\/\/costapressclub.com\/wp-content\/uploads\/2016\/01\/CPC-Rod-Younger.jpg\" alt=\"Rod Younger in Memoriam\" width=\"400\" height=\"300\" srcset=\"https:\/\/costapressclub.com\/wp-content\/uploads\/2016\/01\/CPC-Rod-Younger.jpg 400w, https:\/\/costapressclub.com\/wp-content\/uploads\/2016\/01\/CPC-Rod-Younger-300x225.jpg 300w\" sizes=\"auto, (max-width: 400px) 100vw, 400px\" \/> The Costa Press Club was deeply saddened to learn of the death of member Rod Younger on 29 June 2013, aged 53. A funeral service was held on Friday 5 June at the \"new\" cemetery on the Oj\u00e9n road. Rod\u2019s family asked that, in lieu of flowers, donations be made to MDN, a charity close to his heart.<\/div><\/div><div class=\"toggle style4\"><div class=\"toggle-title \"><div class=\"status-icon fleft\"><i class=\"fa fa-plus\"><\/i><\/div><span> Frank Bowles<\/span><\/div><div class=\"toggle-inner\"><img loading=\"lazy\" decoding=\"async\" class=\"alignnone size-full wp-image-5673\" src=\"http:\/\/costapressclub.com\/wp-content\/uploads\/2016\/01\/Frank-Bowles.jpg\" alt=\"Frank Bowles in Memoriam\" width=\"302\" height=\"450\" srcset=\"https:\/\/costapressclub.com\/wp-content\/uploads\/2016\/01\/Frank-Bowles.jpg 302w, https:\/\/costapressclub.com\/wp-content\/uploads\/2016\/01\/Frank-Bowles-201x300.jpg 201w\" sizes=\"auto, (max-width: 302px) 100vw, 302px\" \/> It is with great sadness to inform you of the death of former Costa Press Club member Frank Bowles, who passed away peacefully on Friday after a stoic battle with illness. His funeral was held at Fuengirola Cementerio on Wednesday 4th of April.<\/div><\/div>[vc_separator][\/vc_column][\/vc_row][vc_row][vc_column][vc_separator color=\"white\" css=\".vc_custom_1454060847353{padding-bottom: 30px !important;}\"][\/vc_column][\/vc_row]\n<\/div>","protected":false},"excerpt":{"rendered":"<div class=\"wpb-content-wrapper\">[vc_row][vc_column width=\u00bb5\/6&#8243;][vc_column_text]<\/p>\n<p><span style=\"font-weight: 400;\">En reconocimiento a su importante contribuci\u00f3n al periodismo de la Costa del Sol, se les ha concedido la condici\u00f3n de socios honor\u00edficos\u2026<\/span><\/p>\n<p><span style=\"font-weight: 400;\">Gillaine Hathaway (Presidenta Honor\u00edfica de Fundaci\u00f3n, f), Joan Davis (Presidenta Honor\u00edfica, f), Gerry Davis (f), Charlie Beck (f), Richard Winter (f),\u00a0 Mark Little (f), Carla Harvey (f), Ken Brown, Lenox Napier y Peter Bond.<\/span><\/p>\n<p>[\/vc_column_text][\/vc_column][vc_column width=\u00bb1\/6&#8243;][\/vc_column][\/vc_row][vc_row][vc_column width=\u00bb5\/6&#8243;]<br \/>\n[vc_separator][\/vc_column][\/vc_row][vc_row][vc_column][vc_separator color=\u00bbwhite\u00bb css=\u00bb.vc_custom_1454060847353{padding-bottom: 30px !important;}\u00bb][\/vc_column][\/vc_row]\n<\/p><\/div>\n","protected":false},"author":1,"featured_media":0,"parent":0,"menu_order":0,"comment_status":"closed","ping_status":"open","template":"page-fullwidth.php","meta":{"footnotes":""},"class_list":["post-6265","page","type-page","status-publish","hentry"],"yoast_head":"<!-- This site is optimized with the Yoast SEO plugin v24.2 - https:\/\/yoast.com\/wordpress\/plugins\/seo\/ -->\n<title>Socios Honorificos | Costa Press Club<\/title>\n<meta name=\"description\" content=\"Socios Honorificos de Costa Press Club.\" \/>\n<meta name=\"robots\" content=\"index, follow, max-snippet:-1, max-image-preview:large, max-video-preview:-1\" \/>\n<link rel=\"canonical\" href=\"http:\/\/costapressclub.com\/es\/socios-honorificos\/\" \/>\n<meta property=\"og:locale\" content=\"es_ES\" \/>\n<meta property=\"og:type\" content=\"article\" \/>\n<meta property=\"og:title\" content=\"Socios Honorificos | Costa Press Club\" \/>\n<meta property=\"og:description\" content=\"Socios Honorificos de Costa Press Club.\" \/>\n<meta property=\"og:url\" content=\"http:\/\/costapressclub.com\/es\/socios-honorificos\/\" \/>\n<meta property=\"og:site_name\" content=\"Costa Press Club\" \/>\n<meta property=\"article:modified_time\" content=\"2023-06-03T09:48:00+00:00\" \/>\n<meta property=\"og:image\" content=\"http:\/\/costapressclub.com\/wp-content\/uploads\/2023\/06\/Jesper-copia-300x200.jpeg\" \/>\n<meta name=\"twitter:card\" content=\"summary_large_image\" \/>\n<meta name=\"twitter:label1\" content=\"Tiempo de lectura\" \/>\n\t<meta name=\"twitter:data1\" content=\"3 minutos\" \/>\n<script type=\"application\/ld+json\" class=\"yoast-schema-graph\">{\"@context\":\"https:\/\/schema.org\",\"@graph\":[{\"@type\":\"WebPage\",\"@id\":\"http:\/\/costapressclub.com\/es\/socios-honorificos\/\",\"url\":\"http:\/\/costapressclub.com\/es\/socios-honorificos\/\",\"name\":\"Socios Honorificos | Costa Press Club\",\"isPartOf\":{\"@id\":\"http:\/\/costapressclub.com\/#website\"},\"primaryImageOfPage\":{\"@id\":\"http:\/\/costapressclub.com\/es\/socios-honorificos\/#primaryimage\"},\"image\":{\"@id\":\"http:\/\/costapressclub.com\/es\/socios-honorificos\/#primaryimage\"},\"thumbnailUrl\":\"http:\/\/costapressclub.com\/wp-content\/uploads\/2023\/06\/Jesper-copia-300x200.jpeg\",\"datePublished\":\"2016-06-06T10:45:40+00:00\",\"dateModified\":\"2023-06-03T09:48:00+00:00\",\"description\":\"Socios Honorificos de Costa Press Club.\",\"breadcrumb\":{\"@id\":\"http:\/\/costapressclub.com\/es\/socios-honorificos\/#breadcrumb\"},\"inLanguage\":\"es\",\"potentialAction\":[{\"@type\":\"ReadAction\",\"target\":[\"http:\/\/costapressclub.com\/es\/socios-honorificos\/\"]}]},{\"@type\":\"ImageObject\",\"inLanguage\":\"es\",\"@id\":\"http:\/\/costapressclub.com\/es\/socios-honorificos\/#primaryimage\",\"url\":\"http:\/\/costapressclub.com\/wp-content\/uploads\/2023\/06\/Jesper-copia-300x200.jpeg\",\"contentUrl\":\"http:\/\/costapressclub.com\/wp-content\/uploads\/2023\/06\/Jesper-copia-300x200.jpeg\"},{\"@type\":\"BreadcrumbList\",\"@id\":\"http:\/\/costapressclub.com\/es\/socios-honorificos\/#breadcrumb\",\"itemListElement\":[{\"@type\":\"ListItem\",\"position\":1,\"name\":\"Home\",\"item\":\"http:\/\/costapressclub.com\/es\/\"},{\"@type\":\"ListItem\",\"position\":2,\"name\":\"Homenaje\"}]},{\"@type\":\"WebSite\",\"@id\":\"http:\/\/costapressclub.com\/#website\",\"url\":\"http:\/\/costapressclub.com\/\",\"name\":\"Costa Press Club\",\"description\":\"Journalists and media professionals on the Costa del Sol\",\"potentialAction\":[{\"@type\":\"SearchAction\",\"target\":{\"@type\":\"EntryPoint\",\"urlTemplate\":\"http:\/\/costapressclub.com\/?s={search_term_string}\"},\"query-input\":{\"@type\":\"PropertyValueSpecification\",\"valueRequired\":true,\"valueName\":\"search_term_string\"}}],\"inLanguage\":\"es\"}]}<\/script>\n<!-- \/ Yoast SEO plugin. -->","yoast_head_json":{"title":"Socios Honorificos | Costa Press Club","description":"Socios Honorificos de Costa Press Club.","robots":{"index":"index","follow":"follow","max-snippet":"max-snippet:-1","max-image-preview":"max-image-preview:large","max-video-preview":"max-video-preview:-1"},"canonical":"http:\/\/costapressclub.com\/es\/socios-honorificos\/","og_locale":"es_ES","og_type":"article","og_title":"Socios Honorificos | Costa Press Club","og_description":"Socios Honorificos de Costa Press Club.","og_url":"http:\/\/costapressclub.com\/es\/socios-honorificos\/","og_site_name":"Costa Press Club","article_modified_time":"2023-06-03T09:48:00+00:00","og_image":[{"url":"http:\/\/costapressclub.com\/wp-content\/uploads\/2023\/06\/Jesper-copia-300x200.jpeg","type":"","width":"","height":""}],"twitter_card":"summary_large_image","twitter_misc":{"Tiempo de lectura":"3 minutos"},"schema":{"@context":"https:\/\/schema.org","@graph":[{"@type":"WebPage","@id":"http:\/\/costapressclub.com\/es\/socios-honorificos\/","url":"http:\/\/costapressclub.com\/es\/socios-honorificos\/","name":"Socios Honorificos | Costa Press Club","isPartOf":{"@id":"http:\/\/costapressclub.com\/#website"},"primaryImageOfPage":{"@id":"http:\/\/costapressclub.com\/es\/socios-honorificos\/#primaryimage"},"image":{"@id":"http:\/\/costapressclub.com\/es\/socios-honorificos\/#primaryimage"},"thumbnailUrl":"http:\/\/costapressclub.com\/wp-content\/uploads\/2023\/06\/Jesper-copia-300x200.jpeg","datePublished":"2016-06-06T10:45:40+00:00","dateModified":"2023-06-03T09:48:00+00:00","description":"Socios Honorificos de Costa Press Club.","breadcrumb":{"@id":"http:\/\/costapressclub.com\/es\/socios-honorificos\/#breadcrumb"},"inLanguage":"es","potentialAction":[{"@type":"ReadAction","target":["http:\/\/costapressclub.com\/es\/socios-honorificos\/"]}]},{"@type":"ImageObject","inLanguage":"es","@id":"http:\/\/costapressclub.com\/es\/socios-honorificos\/#primaryimage","url":"http:\/\/costapressclub.com\/wp-content\/uploads\/2023\/06\/Jesper-copia-300x200.jpeg","contentUrl":"http:\/\/costapressclub.com\/wp-content\/uploads\/2023\/06\/Jesper-copia-300x200.jpeg"},{"@type":"BreadcrumbList","@id":"http:\/\/costapressclub.com\/es\/socios-honorificos\/#breadcrumb","itemListElement":[{"@type":"ListItem","position":1,"name":"Home","item":"http:\/\/costapressclub.com\/es\/"},{"@type":"ListItem","position":2,"name":"Homenaje"}]},{"@type":"WebSite","@id":"http:\/\/costapressclub.com\/#website","url":"http:\/\/costapressclub.com\/","name":"Costa Press Club","description":"Journalists and media professionals on the Costa del Sol","potentialAction":[{"@type":"SearchAction","target":{"@type":"EntryPoint","urlTemplate":"http:\/\/costapressclub.com\/?s={search_term_string}"},"query-input":{"@type":"PropertyValueSpecification","valueRequired":true,"valueName":"search_term_string"}}],"inLanguage":"es"}]}},"_links":{"self":[{"href":"https:\/\/costapressclub.com\/es\/wp-json\/wp\/v2\/pages\/6265","targetHints":{"allow":["GET"]}}],"collection":[{"href":"https:\/\/costapressclub.com\/es\/wp-json\/wp\/v2\/pages"}],"about":[{"href":"https:\/\/costapressclub.com\/es\/wp-json\/wp\/v2\/types\/page"}],"author":[{"embeddable":true,"href":"https:\/\/costapressclub.com\/es\/wp-json\/wp\/v2\/users\/1"}],"replies":[{"embeddable":true,"href":"https:\/\/costapressclub.com\/es\/wp-json\/wp\/v2\/comments?post=6265"}],"version-history":[{"count":14,"href":"https:\/\/costapressclub.com\/es\/wp-json\/wp\/v2\/pages\/6265\/revisions"}],"predecessor-version":[{"id":8526,"href":"https:\/\/costapressclub.com\/es\/wp-json\/wp\/v2\/pages\/6265\/revisions\/8526"}],"wp:attachment":[{"href":"https:\/\/costapressclub.com\/es\/wp-json\/wp\/v2\/media?parent=6265"}],"curies":[{"name":"wp","href":"https:\/\/api.w.org\/{rel}","templated":true}]}}